{"id":1215,"date":"2020-11-06T10:43:32","date_gmt":"2020-11-06T09:43:32","guid":{"rendered":"https:\/\/www.saphy-pmer.com\/?page_id=1215"},"modified":"2020-11-06T10:43:33","modified_gmt":"2020-11-06T09:43:33","slug":"les-aciers","status":"publish","type":"page","link":"https:\/\/www.saphy-pmer.com\/en\/les-aciers\/","title":{"rendered":"Les aciers"},"content":{"rendered":"<p>[et_pb_section fb_built=&#8221;1&#8243; custom_padding_last_edited=&#8221;on|phone&#8221; _builder_version=&#8221;4.6.3&#8243; _module_preset=&#8221;default&#8221; background_enable_color=&#8221;off&#8221; use_background_color_gradient=&#8221;on&#8221; background_color_gradient_start=&#8221;#ffd500&#8243; background_color_gradient_end=&#8221;#ffffff&#8221; background_color_gradient_direction=&#8221;140deg&#8221; background_color_gradient_start_position=&#8221;98%&#8221; background_color_gradient_end_position=&#8221;0%&#8221; custom_margin=&#8221;|20px|||false|false&#8221; custom_padding=&#8221;||||false|false&#8221; custom_padding_tablet=&#8221;&#8221; custom_padding_phone=&#8221;0px||0px||false|false&#8221; animation_style=&#8221;fade&#8221; animation_direction=&#8221;left&#8221; animation_duration=&#8221;1500ms&#8221;][et_pb_row _builder_version=&#8221;4.6.3&#8243; _module_preset=&#8221;default&#8221;][et_pb_column type=&#8221;4_4&#8243; _builder_version=&#8221;4.6.3&#8243; _module_preset=&#8221;default&#8221;][et_pb_text _builder_version=&#8221;4.6.3&#8243; _module_preset=&#8221;default&#8221; text_font=&#8221;|||on|||||&#8221; text_text_color=&#8221;#ffffff&#8221; text_font_size=&#8221;60px&#8221; text_line_height=&#8221;60px&#8221; text_font_tablet=&#8221;&#8221; text_font_phone=&#8221;|600||on|||||&#8221; text_font_last_edited=&#8221;on|phone&#8221; text_font_size_tablet=&#8221;&#8221; text_font_size_phone=&#8221;20px&#8221; text_font_size_last_edited=&#8221;on|phone&#8221; text_line_height_tablet=&#8221;&#8221; text_line_height_phone=&#8221;20px&#8221; text_line_height_last_edited=&#8221;on|phone&#8221;]<\/p>\n<p>Nos produits<\/p>\n<p>[\/et_pb_text][\/et_pb_column][\/et_pb_row][\/et_pb_section][et_pb_section fb_built=&#8221;1&#8243; custom_padding_last_edited=&#8221;on|phone&#8221; _builder_version=&#8221;4.6.3&#8243; _module_preset=&#8221;default&#8221; custom_padding=&#8221;100px||120px|||&#8221; custom_padding_tablet=&#8221;60px||120px||false|false&#8221; custom_padding_phone=&#8221;&#8221;][et_pb_row _builder_version=&#8221;4.6.3&#8243; _module_preset=&#8221;default&#8221;][et_pb_column type=&#8221;4_4&#8243; _builder_version=&#8221;4.6.3&#8243; _module_preset=&#8221;default&#8221;][et_pb_text module_class=&#8221;yellow-line&#8221; _builder_version=&#8221;4.6.3&#8243; _module_preset=&#8221;default&#8221;]<\/p>\n<h6>Cat\u00e9gorie de produits<\/h6>\n<h1>Les aciers<\/h1>\n<p>La mati\u00e8re est un des \u00e9l\u00e9ments les plus importants dans la qualit\u00e9 du produit fini. Depuis plus de 15 ans, SAPHY accompagne plusieurs centaines de clients sur toute la France en livrant chaque jours des barres d\u2019aciers plats frais\u00e9s et rectifi\u00e9s.[\/et_pb_text][\/et_pb_column][\/et_pb_row][et_pb_row _builder_version=&#8221;4.6.3&#8243; _module_preset=&#8221;default&#8221; background_color=&#8221;#f6f6f6&#8243; width_tablet=&#8221;&#8221; width_phone=&#8221;100%&#8221; width_last_edited=&#8221;on|phone&#8221; custom_margin=&#8221;30px|auto|70px|auto||&#8221; custom_padding=&#8221;50px|50px|50px|50px|false|false&#8221; hover_enabled=&#8221;0&#8243; custom_padding_last_edited=&#8221;on|phone&#8221; sticky_enabled=&#8221;0&#8243; custom_padding_phone=&#8221;|40px||40px|false|false&#8221;][et_pb_column type=&#8221;4_4&#8243; _builder_version=&#8221;4.6.3&#8243; _module_preset=&#8221;default&#8221;][et_pb_text module_class=&#8221;lien__underline&#8221; _builder_version=&#8221;4.6.3&#8243; _module_preset=&#8221;default&#8221; link_font=&#8221;||||on|||#ffd500|solid&#8221; link_text_color=&#8221;#898989&#8243; header_2_font=&#8221;|600||on|||||&#8221; header_2_font_size=&#8221;27px&#8221; header_2_line_height=&#8221;33px&#8221;]<\/p>\n<h2>3 types de produits composent notre gamme aciers<\/h2>\n<p>Plus de 3000 r\u00e9f\u00e9rences de barres d\u2019<a href=\"https:\/\/www.saphy-pmer.com\/les-aciers-plats\/\">aciers plats \u00e0 outillage<\/a> disponibles sur 12 nuances, et toutes dimensions sp\u00e9ciales sur devis. Nous r\u00e9alisons sur plan tous vos rails de guidage. Nous r\u00e9alisons \u00e9galement sur plan, toutes vos vis sans fin, ou vis d\u2019archim\u00e8de.[\/et_pb_text][\/et_pb_column][\/et_pb_row][et_pb_row column_structure=&#8221;1_3,1_3,1_3&#8243; custom_padding_last_edited=&#8221;on|desktop&#8221; module_class=&#8221;trois-colonnes-marge-partenaire&#8221; _builder_version=&#8221;4.6.3&#8243; _module_preset=&#8221;default&#8221; custom_padding=&#8221;0px||50px|||&#8221; custom_padding_tablet=&#8221;0px||30px||false|false&#8221; custom_padding_phone=&#8221;&#8221;][et_pb_column type=&#8221;1_3&#8243; _builder_version=&#8221;4.6.3&#8243; _dynamic_attributes=&#8221;link_option_url&#8221; _module_preset=&#8221;default&#8221; link_option_url=&#8221;@ET-DC@eyJkeW5hbWljIjp0cnVlLCJjb250ZW50IjoicG9zdF9saW5rX3VybF9wYWdlIiwic2V0dGluZ3MiOnsicG9zdF9pZCI6Ijg0MSJ9fQ==@&#8221;][et_pb_image src=&#8221;https:\/\/www.saphy-pmer.com\/wp-content\/uploads\/2020\/10\/acier-plat.jpg&#8221; alt=&#8221;acier-plat&#8221; _builder_version=&#8221;4.6.3&#8243; _module_preset=&#8221;default&#8221; custom_padding=&#8221;||||false|false&#8221;][\/et_pb_image][et_pb_text _builder_version=&#8221;4.6.3&#8243; _module_preset=&#8221;default&#8221; header_3_font=&#8221;|700||on|||||&#8221; header_3_font_size=&#8221;18px&#8221;]<\/p>\n<h3>Aciers plats \u00a0 <img loading=\"lazy\" decoding=\"async\" class=\"wp-image-253 alignnone size-full\" src=\"https:\/\/www.saphy-pmer.com\/wp-content\/uploads\/2020\/10\/fleche-jaune.svg\" alt=\"fleche-jaune\" width=\"8\" height=\"13\" \/><\/h3>\n<p>[\/et_pb_text][\/et_pb_column][et_pb_column type=&#8221;1_3&#8243; _builder_version=&#8221;4.6.3&#8243; _module_preset=&#8221;default&#8221;][et_pb_image src=&#8221;https:\/\/www.saphy-pmer.com\/wp-content\/uploads\/2020\/10\/rail-de-guidage.jpg&#8221; alt=&#8221;rail-de-guidage&#8221; _builder_version=&#8221;4.6.3&#8243; _module_preset=&#8221;default&#8221; custom_padding=&#8221;||||false|false&#8221; custom_padding_tablet=&#8221;&#8221; custom_padding_phone=&#8221;30px||||false|false&#8221; custom_padding_last_edited=&#8221;on|phone&#8221;][\/et_pb_image][et_pb_text _builder_version=&#8221;4.6.3&#8243; _module_preset=&#8221;default&#8221; header_3_font=&#8221;|700||on|||||&#8221; header_3_font_size=&#8221;18px&#8221;]<\/p>\n<h3>Rails de guidage \u00a0 <img loading=\"lazy\" decoding=\"async\" class=\"wp-image-253 alignnone size-full\" src=\"https:\/\/www.saphy-pmer.com\/wp-content\/uploads\/2020\/10\/fleche-jaune.svg\" alt=\"fleche-jaune\" width=\"8\" height=\"13\" \/><\/h3>\n<p>[\/et_pb_text][\/et_pb_column][et_pb_column type=&#8221;1_3&#8243; _builder_version=&#8221;4.6.3&#8243; _module_preset=&#8221;default&#8221;][et_pb_image src=&#8221;https:\/\/www.saphy-pmer.com\/wp-content\/uploads\/2020\/10\/vis-sans-fin.jpg&#8221; alt=&#8221;vis-sans-fin&#8221; _builder_version=&#8221;4.6.3&#8243; _module_preset=&#8221;default&#8221; custom_padding=&#8221;||||false|false&#8221; custom_padding_tablet=&#8221;&#8221; custom_padding_phone=&#8221;30px||||false|false&#8221; custom_padding_last_edited=&#8221;on|phone&#8221;][\/et_pb_image][et_pb_text _builder_version=&#8221;4.6.3&#8243; _module_preset=&#8221;default&#8221; header_3_font=&#8221;|700||on|||||&#8221; header_3_font_size=&#8221;18px&#8221;]<\/p>\n<h3>Vis d&#8217;archim\u00e8de \u00a0 <img loading=\"lazy\" decoding=\"async\" class=\"wp-image-253 alignnone size-full\" src=\"https:\/\/www.saphy-pmer.com\/wp-content\/uploads\/2020\/10\/fleche-jaune.svg\" alt=\"fleche-jaune\" width=\"8\" height=\"13\" \/><\/h3>\n<p>[\/et_pb_text][\/et_pb_column][\/et_pb_row][\/et_pb_section][et_pb_section fb_built=&#8221;1&#8243; _builder_version=&#8221;4.6.3&#8243; _module_preset=&#8221;default&#8221; background_enable_color=&#8221;off&#8221; custom_padding=&#8221;0px||0px||true|&#8221;][et_pb_row _builder_version=&#8221;4.6.3&#8243; _module_preset=&#8221;default&#8221; width=&#8221;100%&#8221; max_width=&#8221;100%&#8221; custom_padding=&#8221;0px||0px|||&#8221;][et_pb_column type=&#8221;4_4&#8243; _builder_version=&#8221;4.6.3&#8243; _module_preset=&#8221;default&#8221;][et_pb_code module_id=&#8221;cat_produit&#8221; _builder_version=&#8221;4.6.3&#8243; _module_preset=&#8221;default&#8221;][metaslider id=&#8221;288&#8243;][\/et_pb_code][\/et_pb_column][\/et_pb_row][\/et_pb_section]<\/p>\n","protected":false},"excerpt":{"rendered":"<p>Nos produits Cat\u00e9gorie de produits Les aciers La mati\u00e8re est un des \u00e9l\u00e9ments les plus importants dans la qualit\u00e9 du produit fini. Depuis plus de 15 ans, SAPHY accompagne plusieurs centaines de clients sur toute la France en livrant chaque jours des barres d\u2019aciers plats frais\u00e9s et rectifi\u00e9s. 3 types de produits composent notre gamme [&hellip;]<\/p>\n","protected":false},"author":1,"featured_media":0,"parent":0,"menu_order":0,"comment_status":"closed","ping_status":"closed","template":"","meta":{"_et_pb_use_builder":"on","_et_pb_old_content":"","_et_gb_content_width":"","inline_featured_image":false,"footnotes":""},"yoast_head":"<!-- This site is optimized with the Yoast SEO plugin v23.3 - https:\/\/yoast.com\/wordpress\/plugins\/seo\/ -->\n<title>Les aciers - SAPHY-PMER<\/title>\n<meta name=\"robots\" content=\"index, follow, max-snippet:-1, max-image-preview:large, max-video-preview:-1\" \/>\n<link rel=\"canonical\" href=\"https:\/\/www.saphy-pmer.com\/en\/les-aciers\/\" \/>\n<meta property=\"og:locale\" content=\"en_US\" \/>\n<meta property=\"og:type\" content=\"article\" \/>\n<meta property=\"og:title\" content=\"Les aciers - SAPHY-PMER\" \/>\n<meta property=\"og:description\" content=\"Nos produits Cat\u00e9gorie de produits Les aciers La mati\u00e8re est un des \u00e9l\u00e9ments les plus importants dans la qualit\u00e9 du produit fini. Depuis plus de 15 ans, SAPHY accompagne plusieurs centaines de clients sur toute la France en livrant chaque jours des barres d\u2019aciers plats frais\u00e9s et rectifi\u00e9s. 3 types de produits composent notre gamme [&hellip;]\" \/>\n<meta property=\"og:url\" content=\"https:\/\/www.saphy-pmer.com\/en\/les-aciers\/\" \/>\n<meta property=\"og:site_name\" content=\"SAPHY-PMER\" \/>\n<meta property=\"article:modified_time\" content=\"2020-11-06T09:43:33+00:00\" \/>\n<meta property=\"og:image\" content=\"https:\/\/www.saphy-pmer.com\/wp-content\/uploads\/2020\/10\/fleche-jaune.svg\" \/>\n<meta name=\"twitter:card\" content=\"summary_large_image\" \/>\n<meta name=\"twitter:label1\" content=\"Est. reading time\" \/>\n\t<meta name=\"twitter:data1\" content=\"4 minutes\" \/>\n<script type=\"application\/ld+json\" class=\"yoast-schema-graph\">{\"@context\":\"https:\/\/schema.org\",\"@graph\":[{\"@type\":\"WebPage\",\"@id\":\"https:\/\/www.saphy-pmer.com\/en\/les-aciers\/\",\"url\":\"https:\/\/www.saphy-pmer.com\/en\/les-aciers\/\",\"name\":\"Les aciers - SAPHY-PMER\",\"isPartOf\":{\"@id\":\"https:\/\/www.saphy-pmer.com\/en\/#website\"},\"primaryImageOfPage\":{\"@id\":\"https:\/\/www.saphy-pmer.com\/en\/les-aciers\/#primaryimage\"},\"image\":{\"@id\":\"https:\/\/www.saphy-pmer.com\/en\/les-aciers\/#primaryimage\"},\"thumbnailUrl\":\"https:\/\/www.saphy-pmer.com\/wp-content\/uploads\/2020\/10\/fleche-jaune.svg\",\"datePublished\":\"2020-11-06T09:43:32+00:00\",\"dateModified\":\"2020-11-06T09:43:33+00:00\",\"breadcrumb\":{\"@id\":\"https:\/\/www.saphy-pmer.com\/en\/les-aciers\/#breadcrumb\"},\"inLanguage\":\"en-US\",\"potentialAction\":[{\"@type\":\"ReadAction\",\"target\":[\"https:\/\/www.saphy-pmer.com\/en\/les-aciers\/\"]}]},{\"@type\":\"ImageObject\",\"inLanguage\":\"en-US\",\"@id\":\"https:\/\/www.saphy-pmer.com\/en\/les-aciers\/#primaryimage\",\"url\":\"https:\/\/www.saphy-pmer.com\/wp-content\/uploads\/2020\/10\/fleche-jaune.svg\",\"contentUrl\":\"https:\/\/www.saphy-pmer.com\/wp-content\/uploads\/2020\/10\/fleche-jaune.svg\"},{\"@type\":\"BreadcrumbList\",\"@id\":\"https:\/\/www.saphy-pmer.com\/en\/les-aciers\/#breadcrumb\",\"itemListElement\":[{\"@type\":\"ListItem\",\"position\":1,\"name\":\"Accueil\",\"item\":\"https:\/\/www.saphy-pmer.com\/en\/\"},{\"@type\":\"ListItem\",\"position\":2,\"name\":\"Les aciers\"}]},{\"@type\":\"WebSite\",\"@id\":\"https:\/\/www.saphy-pmer.com\/en\/#website\",\"url\":\"https:\/\/www.saphy-pmer.com\/en\/\",\"name\":\"SAPHY-PMER\",\"description\":\"\",\"potentialAction\":[{\"@type\":\"SearchAction\",\"target\":{\"@type\":\"EntryPoint\",\"urlTemplate\":\"https:\/\/www.saphy-pmer.com\/en\/?s={search_term_string}\"},\"query-input\":\"required name=search_term_string\"}],\"inLanguage\":\"en-US\"}]}<\/script>\n<!-- \/ Yoast SEO plugin. -->","yoast_head_json":{"title":"Les aciers - SAPHY-PMER","robots":{"index":"index","follow":"follow","max-snippet":"max-snippet:-1","max-image-preview":"max-image-preview:large","max-video-preview":"max-video-preview:-1"},"canonical":"https:\/\/www.saphy-pmer.com\/en\/les-aciers\/","og_locale":"en_US","og_type":"article","og_title":"Les aciers - SAPHY-PMER","og_description":"Nos produits Cat\u00e9gorie de produits Les aciers La mati\u00e8re est un des \u00e9l\u00e9ments les plus importants dans la qualit\u00e9 du produit fini. Depuis plus de 15 ans, SAPHY accompagne plusieurs centaines de clients sur toute la France en livrant chaque jours des barres d\u2019aciers plats frais\u00e9s et rectifi\u00e9s. 3 types de produits composent notre gamme [&hellip;]","og_url":"https:\/\/www.saphy-pmer.com\/en\/les-aciers\/","og_site_name":"SAPHY-PMER","article_modified_time":"2020-11-06T09:43:33+00:00","og_image":[{"url":"https:\/\/www.saphy-pmer.com\/wp-content\/uploads\/2020\/10\/fleche-jaune.svg"}],"twitter_card":"summary_large_image","twitter_misc":{"Est. reading time":"4 minutes"},"schema":{"@context":"https:\/\/schema.org","@graph":[{"@type":"WebPage","@id":"https:\/\/www.saphy-pmer.com\/en\/les-aciers\/","url":"https:\/\/www.saphy-pmer.com\/en\/les-aciers\/","name":"Les aciers - SAPHY-PMER","isPartOf":{"@id":"https:\/\/www.saphy-pmer.com\/en\/#website"},"primaryImageOfPage":{"@id":"https:\/\/www.saphy-pmer.com\/en\/les-aciers\/#primaryimage"},"image":{"@id":"https:\/\/www.saphy-pmer.com\/en\/les-aciers\/#primaryimage"},"thumbnailUrl":"https:\/\/www.saphy-pmer.com\/wp-content\/uploads\/2020\/10\/fleche-jaune.svg","datePublished":"2020-11-06T09:43:32+00:00","dateModified":"2020-11-06T09:43:33+00:00","breadcrumb":{"@id":"https:\/\/www.saphy-pmer.com\/en\/les-aciers\/#breadcrumb"},"inLanguage":"en-US","potentialAction":[{"@type":"ReadAction","target":["https:\/\/www.saphy-pmer.com\/en\/les-aciers\/"]}]},{"@type":"ImageObject","inLanguage":"en-US","@id":"https:\/\/www.saphy-pmer.com\/en\/les-aciers\/#primaryimage","url":"https:\/\/www.saphy-pmer.com\/wp-content\/uploads\/2020\/10\/fleche-jaune.svg","contentUrl":"https:\/\/www.saphy-pmer.com\/wp-content\/uploads\/2020\/10\/fleche-jaune.svg"},{"@type":"BreadcrumbList","@id":"https:\/\/www.saphy-pmer.com\/en\/les-aciers\/#breadcrumb","itemListElement":[{"@type":"ListItem","position":1,"name":"Accueil","item":"https:\/\/www.saphy-pmer.com\/en\/"},{"@type":"ListItem","position":2,"name":"Les aciers"}]},{"@type":"WebSite","@id":"https:\/\/www.saphy-pmer.com\/en\/#website","url":"https:\/\/www.saphy-pmer.com\/en\/","name":"SAPHY-PMER","description":"","potentialAction":[{"@type":"SearchAction","target":{"@type":"EntryPoint","urlTemplate":"https:\/\/www.saphy-pmer.com\/en\/?s={search_term_string}"},"query-input":"required name=search_term_string"}],"inLanguage":"en-US"}]}},"_links":{"self":[{"href":"https:\/\/www.saphy-pmer.com\/en\/wp-json\/wp\/v2\/pages\/1215"}],"collection":[{"href":"https:\/\/www.saphy-pmer.com\/en\/wp-json\/wp\/v2\/pages"}],"about":[{"href":"https:\/\/www.saphy-pmer.com\/en\/wp-json\/wp\/v2\/types\/page"}],"author":[{"embeddable":true,"href":"https:\/\/www.saphy-pmer.com\/en\/wp-json\/wp\/v2\/users\/1"}],"replies":[{"embeddable":true,"href":"https:\/\/www.saphy-pmer.com\/en\/wp-json\/wp\/v2\/comments?post=1215"}],"version-history":[{"count":1,"href":"https:\/\/www.saphy-pmer.com\/en\/wp-json\/wp\/v2\/pages\/1215\/revisions"}],"predecessor-version":[{"id":1218,"href":"https:\/\/www.saphy-pmer.com\/en\/wp-json\/wp\/v2\/pages\/1215\/revisions\/1218"}],"wp:attachment":[{"href":"https:\/\/www.saphy-pmer.com\/en\/wp-json\/wp\/v2\/media?parent=1215"}],"curies":[{"name":"wp","href":"https:\/\/api.w.org\/{rel}","templated":true}]}}