{"id":1678,"date":"2021-08-04T12:12:23","date_gmt":"2021-08-04T10:12:23","guid":{"rendered":"https:\/\/www.saphy-pmer.com\/?page_id=1678"},"modified":"2021-08-06T15:48:39","modified_gmt":"2021-08-06T13:48:39","slug":"mentions-legales","status":"publish","type":"page","link":"https:\/\/www.saphy-pmer.com\/fr\/mentions-legales\/","title":{"rendered":"MENTIONS L\u00c9GALES"},"content":{"rendered":"<p>[et_pb_section fb_built=\u00a0\u00bb1&Prime; custom_padding_last_edited=\u00a0\u00bbon|phone\u00a0\u00bb _builder_version=\u00a0\u00bb4.6.3&Prime; _module_preset=\u00a0\u00bbdefault\u00a0\u00bb background_enable_color=\u00a0\u00bboff\u00a0\u00bb use_background_color_gradient=\u00a0\u00bbon\u00a0\u00bb background_color_gradient_start=\u00a0\u00bb#ffd500&Prime; background_color_gradient_end=\u00a0\u00bb#ffffff\u00a0\u00bb background_color_gradient_direction=\u00a0\u00bb140deg\u00a0\u00bb background_color_gradient_start_position=\u00a0\u00bb98%\u00a0\u00bb background_color_gradient_end_position=\u00a0\u00bb0%\u00a0\u00bb custom_margin=\u00a0\u00bb|20px|||false|false\u00a0\u00bb custom_padding=\u00a0\u00bb||||false|false\u00a0\u00bb custom_padding_tablet=\u00a0\u00bb\u00a0\u00bb custom_padding_phone=\u00a0\u00bb0px||0px||false|false\u00a0\u00bb animation_style=\u00a0\u00bbfade\u00a0\u00bb animation_direction=\u00a0\u00bbleft\u00a0\u00bb animation_duration=\u00a0\u00bb1500ms\u00a0\u00bb][et_pb_row _builder_version=\u00a0\u00bb4.6.3&Prime; _module_preset=\u00a0\u00bbdefault\u00a0\u00bb][et_pb_column type=\u00a0\u00bb4_4&Prime; _builder_version=\u00a0\u00bb4.6.3&Prime; _module_preset=\u00a0\u00bbdefault\u00a0\u00bb][et_pb_text _builder_version=\u00a0\u00bb4.9.9&Prime; _module_preset=\u00a0\u00bbdefault\u00a0\u00bb text_font=\u00a0\u00bb|||on|||||\u00a0\u00bb text_text_color=\u00a0\u00bb#ffffff\u00a0\u00bb text_font_size=\u00a0\u00bb60px\u00a0\u00bb text_line_height=\u00a0\u00bb60px\u00a0\u00bb text_font_tablet=\u00a0\u00bb\u00a0\u00bb text_font_phone=\u00a0\u00bb|600||on|||||\u00a0\u00bb text_font_last_edited=\u00a0\u00bbon|phone\u00a0\u00bb text_font_size_tablet=\u00a0\u00bb\u00a0\u00bb text_font_size_phone=\u00a0\u00bb20px\u00a0\u00bb text_font_size_last_edited=\u00a0\u00bbon|phone\u00a0\u00bb text_line_height_tablet=\u00a0\u00bb\u00a0\u00bb text_line_height_phone=\u00a0\u00bb20px\u00a0\u00bb text_line_height_last_edited=\u00a0\u00bbon|phone\u00a0\u00bb]<\/p>\n<p>Mentions l\u00e9gales<\/p>\n<p>[\/et_pb_text][\/et_pb_column][\/et_pb_row][\/et_pb_section][et_pb_section fb_built=\u00a0\u00bb1&Prime; custom_padding_last_edited=\u00a0\u00bbon|phone\u00a0\u00bb _builder_version=\u00a0\u00bb4.6.3&Prime; _module_preset=\u00a0\u00bbdefault\u00a0\u00bb background_enable_image=\u00a0\u00bboff\u00a0\u00bb background_position=\u00a0\u00bbbottom_right\u00a0\u00bb custom_padding=\u00a0\u00bb120px||140px||false|\u00a0\u00bb custom_padding_tablet=\u00a0\u00bb\u00a0\u00bb custom_padding_phone=\u00a0\u00bb60px||100px||false|false\u00a0\u00bb animation_style=\u00a0\u00bbfade\u00a0\u00bb animation_duration=\u00a0\u00bb1500ms\u00a0\u00bb][et_pb_row _builder_version=\u00a0\u00bb4.6.3&Prime; _module_preset=\u00a0\u00bbdefault\u00a0\u00bb][et_pb_column type=\u00a0\u00bb4_4&Prime; _builder_version=\u00a0\u00bb4.6.3&Prime; _module_preset=\u00a0\u00bbdefault\u00a0\u00bb][et_pb_text module_class=\u00a0\u00bbyellow-line\u00a0\u00bb _builder_version=\u00a0\u00bb4.9.9&Prime; _module_preset=\u00a0\u00bbdefault\u00a0\u00bb]<\/p>\n<h6>Informations l\u00e9gales<\/h6>\n<h3>\u00c9diteur du site<\/h3>\n<p>L\u2019\u00e9dition et la direction de la publication du site <a href=\"https:\/\/www.saphy-pmer.com\">https:\/\/www.saphy-pmer.com<\/a> est assur\u00e9e par SAPHY-PMER, domicili\u00e9(e) 1 Rue Thomas Edison, 91630 Guibeville, dont le num\u00e9ro de t\u00e9l\u00e9phone est le 01 60 13 88 88, et l&rsquo;adresse e-mail contact@groupe-captec.fr.<\/p>\n<h3>H\u00e9bergement<\/h3>\n<p>L&rsquo;h\u00e9bergeur du site <a href=\"https:\/\/www.saphy-pmer.com\">https:\/\/www.saphy-pmer.com<\/a> est la Soci\u00e9t\u00e9 OVH SAS, dont le si\u00e8ge social est situ\u00e9 au 2 rue Kellermann \u2013 BP 80157 \u2013 59053 Roubaix Cedex 1, avec le num\u00e9ro de t\u00e9l\u00e9phone : 1007.<\/p>\n<h3>Cr\u00e9dits<\/h3>\n<p>Conception du site internet : <a href=\"https:\/\/www.lesappreteurs.com\">Les Appr\u00eateurs<\/a><\/p>\n<h3>Conditions g\u00e9n\u00e9rales d\u2019utilisation du site et des services propos\u00e9s.<\/h3>\n<p>L\u2019utilisation du site https:\/\/www.saphy-pmer.com implique l\u2019acceptation pleine et enti\u00e8re des conditions g\u00e9n\u00e9rales d\u2019utilisation ci-apr\u00e8s d\u00e9crites. Ces conditions d\u2019utilisation sont susceptibles d\u2019\u00eatre modifi\u00e9es ou compl\u00e9t\u00e9es \u00e0 tout moment, les utilisateurs du site https:\/\/www.saphy-pmer.com sont donc invit\u00e9s \u00e0 les consulter de mani\u00e8re r\u00e9guli\u00e8re.<\/p>\n<p>Ce site est normalement accessible \u00e0 tout moment aux utilisateurs. Une interruption pour raison de maintenance technique peut toutefois \u00eatre d\u00e9cid\u00e9e par SAPHY-PMER, qui s\u2019efforcera alors de communiquer pr\u00e9alablement aux utilisateurs les dates et heures de l\u2019intervention.\u00a0<\/p>\n<p>Le site https:\/\/www.saphy-pmer.com est mis \u00e0 jour r\u00e9guli\u00e8rement par SAPHY-PMER. De la m\u00eame fa\u00e7on, les mentions l\u00e9gales peuvent \u00eatre modifi\u00e9es \u00e0 tout moment : elles s\u2019imposent n\u00e9anmoins \u00e0 l\u2019utilisateur qui est invit\u00e9 \u00e0 s\u2019y r\u00e9f\u00e9rer le plus souvent possible afin d\u2019en prendre connaissance.\u00a0<\/p>\n<h3>Description des services fournis.<\/h3>\n<p>https:\/\/www.saphy-pmer.com a pour objet de fournir une information concernant l\u2019ensemble des activit\u00e9s de la soci\u00e9t\u00e9.<\/p>\n<p>SAPHY-PMER s\u2019efforce de fournir sur le site https:\/\/www.saphy-pmer.com des informations aussi pr\u00e9cises que possible. Toutefois, il ne pourra \u00eatre tenue responsable des omissions, des inexactitudes et des carences dans la mise \u00e0 jour, qu\u2019elles soient de son fait ou du fait des tiers partenaires qui lui fournissent ces informations.<\/p>\n<p>Tous les informations indiqu\u00e9es sur le site https:\/\/www.saphy-pmer.com sont donn\u00e9es \u00e0 titre indicatif, et sont susceptibles d\u2019\u00e9voluer. Par ailleurs, les renseignements figurant sur le site https:\/\/www.saphy-pmer.com ne sont pas exhaustifs. Ils sont donn\u00e9s sous r\u00e9serve de modifications ayant \u00e9t\u00e9 apport\u00e9es depuis leur mise en ligne.<\/p>\n<h3>Acc\u00e8s au Site<\/h3>\n<p>Le site est accessible par tout endroit, 7j\/7, 24h\/24 sauf cas de force majeure, interruption programm\u00e9e ou non et pouvant d\u00e9coulant d\u2019une n\u00e9cessit\u00e9 de maintenance.En cas de modification, interruption ou suspension des services le site https:\/\/www.saphy-pmer.com ne saurait \u00eatre tenu responsable.<\/p>\n<h3>Limitations contractuelles sur les donn\u00e9es techniques.<\/h3>\n<p>Le site Internet ne pourra \u00eatre tenu responsable de dommages mat\u00e9riels li\u00e9s \u00e0 l\u2019utilisation du site. De plus, l\u2019utilisateur du site s\u2019engage \u00e0 acc\u00e9der au site en utilisant un mat\u00e9riel r\u00e9cent, ne contenant pas de virus et avec un navigateur de derni\u00e8re g\u00e9n\u00e9ration mis-\u00e0-jour.<\/p>\n<h3>Propri\u00e9t\u00e9 intellectuelle et contrefa\u00e7ons.<\/h3>\n<p>SAPHY-PMER est propri\u00e9taire des droits de propri\u00e9t\u00e9 intellectuelle ou d\u00e9tient les droits d\u2019usage sur tous les \u00e9l\u00e9ments accessibles sur le site, notamment les textes, images, graphismes, logo, ic\u00f4nes, sons, logiciels.<\/p>\n<p>Toute reproduction, repr\u00e9sentation, modification, publication, adaptation de tout ou partie des \u00e9l\u00e9ments du site, quel que soit le moyen ou le proc\u00e9d\u00e9 utilis\u00e9, est interdite, sauf autorisation \u00e9crite pr\u00e9alable de SAPHY-PMER.<\/p>\n<p>Toute exploitation non autoris\u00e9e du site ou de l\u2019un quelconque des \u00e9l\u00e9ments qu\u2019il contient sera consid\u00e9r\u00e9e comme constitutive d\u2019une contrefa\u00e7on et poursuivie conform\u00e9ment aux dispositions des articles L.335-2 et suivants du Code de Propri\u00e9t\u00e9 Intellectuelle.<\/p>\n<h3>Limitations de responsabilit\u00e9<\/h3>\n<p>SAPHY-PMER ne pourra \u00eatre tenue responsable des dommages directs et indirects caus\u00e9s au mat\u00e9riel de l\u2019utilisateur, lors de l\u2019acc\u00e8s au site https:\/\/www.saphy-pmer.com, et r\u00e9sultant soit de l\u2019utilisation d\u2019un mat\u00e9riel ne r\u00e9pondant pas aux sp\u00e9cifications indiqu\u00e9es au point 4, soit de l\u2019apparition d\u2019un bug ou d\u2019une incompatibilit\u00e9.\u00a0<\/p>\n<p>SAPHY-PMER ne pourra \u00e9galement \u00eatre tenue responsable des dommages indirects (tels par exemple qu\u2019une perte de march\u00e9 ou perte d\u2019une chance) cons\u00e9cutifs \u00e0 l\u2019utilisation du site https:\/\/www.saphy-pmer.com.\u00a0<\/p>\n<p>Des espaces interactifs (possibilit\u00e9 de poser des questions dans l\u2019espace contact) sont \u00e0 la disposition des utilisateurs. SAPHY-PMER se r\u00e9serve le droit de supprimer, sans mise en demeure pr\u00e9alable, tout contenu d\u00e9pos\u00e9 dans cet espace qui contreviendrait \u00e0 la l\u00e9gislation applicable en France, en particulier aux dispositions relatives \u00e0 la protection des donn\u00e9es. Le cas \u00e9ch\u00e9ant, SAPHY-PMER se r\u00e9serve \u00e9galement la possibilit\u00e9 de mettre en cause la responsabilit\u00e9 civile et\/ou p\u00e9nale de l\u2019utilisateur, notamment en cas de message \u00e0 caract\u00e8re raciste, injurieux, diffamant, ou pornographique, quel que soit le support utilis\u00e9 (texte, photographie\u2026).<\/p>\n<p>[\/et_pb_text][\/et_pb_column][\/et_pb_row][\/et_pb_section]<\/p>\n","protected":false},"excerpt":{"rendered":"<p>Mentions l\u00e9galesInformations l\u00e9gales \u00c9diteur du site L\u2019\u00e9dition et la direction de la publication du site https:\/\/www.saphy-pmer.com est assur\u00e9e par SAPHY-PMER, domicili\u00e9(e) 1 Rue Thomas Edison, 91630 Guibeville, dont le num\u00e9ro de t\u00e9l\u00e9phone est le 01 60 13 88 88, et l&rsquo;adresse e-mail contact@groupe-captec.fr. H\u00e9bergement L&rsquo;h\u00e9bergeur du site https:\/\/www.saphy-pmer.com est la Soci\u00e9t\u00e9 OVH SAS, dont le [&hellip;]<\/p>\n","protected":false},"author":1,"featured_media":0,"parent":0,"menu_order":0,"comment_status":"closed","ping_status":"closed","template":"","meta":{"_et_pb_use_builder":"on","_et_pb_old_content":"","_et_gb_content_width":"","inline_featured_image":false,"footnotes":""},"yoast_head":"<!-- This site is optimized with the Yoast SEO plugin v23.3 - https:\/\/yoast.com\/wordpress\/plugins\/seo\/ -->\n<title>MENTIONS L\u00c9GALES - SAPHY-PMER<\/title>\n<meta name=\"robots\" content=\"index, follow, max-snippet:-1, max-image-preview:large, max-video-preview:-1\" \/>\n<link rel=\"canonical\" href=\"https:\/\/www.saphy-pmer.com\/fr\/mentions-legales\/\" \/>\n<meta property=\"og:locale\" content=\"fr_FR\" \/>\n<meta property=\"og:type\" content=\"article\" \/>\n<meta property=\"og:title\" content=\"MENTIONS L\u00c9GALES - SAPHY-PMER\" \/>\n<meta property=\"og:description\" content=\"Mentions l\u00e9galesInformations l\u00e9gales \u00c9diteur du site L\u2019\u00e9dition et la direction de la publication du site https:\/\/www.saphy-pmer.com est assur\u00e9e par SAPHY-PMER, domicili\u00e9(e) 1 Rue Thomas Edison, 91630 Guibeville, dont le num\u00e9ro de t\u00e9l\u00e9phone est le 01 60 13 88 88, et l&#039;adresse e-mail contact@groupe-captec.fr. H\u00e9bergement L&#039;h\u00e9bergeur du site https:\/\/www.saphy-pmer.com est la Soci\u00e9t\u00e9 OVH SAS, dont le [&hellip;]\" \/>\n<meta property=\"og:url\" content=\"https:\/\/www.saphy-pmer.com\/fr\/mentions-legales\/\" \/>\n<meta property=\"og:site_name\" content=\"SAPHY-PMER\" \/>\n<meta property=\"article:modified_time\" content=\"2021-08-06T13:48:39+00:00\" \/>\n<meta name=\"twitter:card\" content=\"summary_large_image\" \/>\n<meta name=\"twitter:label1\" content=\"Dur\u00e9e de lecture estim\u00e9e\" \/>\n\t<meta name=\"twitter:data1\" content=\"5 minutes\" \/>\n<script type=\"application\/ld+json\" class=\"yoast-schema-graph\">{\"@context\":\"https:\/\/schema.org\",\"@graph\":[{\"@type\":\"WebPage\",\"@id\":\"https:\/\/www.saphy-pmer.com\/fr\/mentions-legales\/\",\"url\":\"https:\/\/www.saphy-pmer.com\/fr\/mentions-legales\/\",\"name\":\"MENTIONS L\u00c9GALES - SAPHY-PMER\",\"isPartOf\":{\"@id\":\"https:\/\/www.saphy-pmer.com\/fr\/#website\"},\"datePublished\":\"2021-08-04T10:12:23+00:00\",\"dateModified\":\"2021-08-06T13:48:39+00:00\",\"breadcrumb\":{\"@id\":\"https:\/\/www.saphy-pmer.com\/fr\/mentions-legales\/#breadcrumb\"},\"inLanguage\":\"fr-FR\",\"potentialAction\":[{\"@type\":\"ReadAction\",\"target\":[\"https:\/\/www.saphy-pmer.com\/fr\/mentions-legales\/\"]}]},{\"@type\":\"BreadcrumbList\",\"@id\":\"https:\/\/www.saphy-pmer.com\/fr\/mentions-legales\/#breadcrumb\",\"itemListElement\":[{\"@type\":\"ListItem\",\"position\":1,\"name\":\"Accueil\",\"item\":\"https:\/\/www.saphy-pmer.com\/fr\/\"},{\"@type\":\"ListItem\",\"position\":2,\"name\":\"MENTIONS L\u00c9GALES\"}]},{\"@type\":\"WebSite\",\"@id\":\"https:\/\/www.saphy-pmer.com\/fr\/#website\",\"url\":\"https:\/\/www.saphy-pmer.com\/fr\/\",\"name\":\"SAPHY-PMER\",\"description\":\"\",\"potentialAction\":[{\"@type\":\"SearchAction\",\"target\":{\"@type\":\"EntryPoint\",\"urlTemplate\":\"https:\/\/www.saphy-pmer.com\/fr\/?s={search_term_string}\"},\"query-input\":\"required name=search_term_string\"}],\"inLanguage\":\"fr-FR\"}]}<\/script>\n<!-- \/ Yoast SEO plugin. -->","yoast_head_json":{"title":"MENTIONS L\u00c9GALES - SAPHY-PMER","robots":{"index":"index","follow":"follow","max-snippet":"max-snippet:-1","max-image-preview":"max-image-preview:large","max-video-preview":"max-video-preview:-1"},"canonical":"https:\/\/www.saphy-pmer.com\/fr\/mentions-legales\/","og_locale":"fr_FR","og_type":"article","og_title":"MENTIONS L\u00c9GALES - SAPHY-PMER","og_description":"Mentions l\u00e9galesInformations l\u00e9gales \u00c9diteur du site L\u2019\u00e9dition et la direction de la publication du site https:\/\/www.saphy-pmer.com est assur\u00e9e par SAPHY-PMER, domicili\u00e9(e) 1 Rue Thomas Edison, 91630 Guibeville, dont le num\u00e9ro de t\u00e9l\u00e9phone est le 01 60 13 88 88, et l'adresse e-mail contact@groupe-captec.fr. H\u00e9bergement L'h\u00e9bergeur du site https:\/\/www.saphy-pmer.com est la Soci\u00e9t\u00e9 OVH SAS, dont le [&hellip;]","og_url":"https:\/\/www.saphy-pmer.com\/fr\/mentions-legales\/","og_site_name":"SAPHY-PMER","article_modified_time":"2021-08-06T13:48:39+00:00","twitter_card":"summary_large_image","twitter_misc":{"Dur\u00e9e de lecture estim\u00e9e":"5 minutes"},"schema":{"@context":"https:\/\/schema.org","@graph":[{"@type":"WebPage","@id":"https:\/\/www.saphy-pmer.com\/fr\/mentions-legales\/","url":"https:\/\/www.saphy-pmer.com\/fr\/mentions-legales\/","name":"MENTIONS L\u00c9GALES - SAPHY-PMER","isPartOf":{"@id":"https:\/\/www.saphy-pmer.com\/fr\/#website"},"datePublished":"2021-08-04T10:12:23+00:00","dateModified":"2021-08-06T13:48:39+00:00","breadcrumb":{"@id":"https:\/\/www.saphy-pmer.com\/fr\/mentions-legales\/#breadcrumb"},"inLanguage":"fr-FR","potentialAction":[{"@type":"ReadAction","target":["https:\/\/www.saphy-pmer.com\/fr\/mentions-legales\/"]}]},{"@type":"BreadcrumbList","@id":"https:\/\/www.saphy-pmer.com\/fr\/mentions-legales\/#breadcrumb","itemListElement":[{"@type":"ListItem","position":1,"name":"Accueil","item":"https:\/\/www.saphy-pmer.com\/fr\/"},{"@type":"ListItem","position":2,"name":"MENTIONS L\u00c9GALES"}]},{"@type":"WebSite","@id":"https:\/\/www.saphy-pmer.com\/fr\/#website","url":"https:\/\/www.saphy-pmer.com\/fr\/","name":"SAPHY-PMER","description":"","potentialAction":[{"@type":"SearchAction","target":{"@type":"EntryPoint","urlTemplate":"https:\/\/www.saphy-pmer.com\/fr\/?s={search_term_string}"},"query-input":"required name=search_term_string"}],"inLanguage":"fr-FR"}]}},"_links":{"self":[{"href":"https:\/\/www.saphy-pmer.com\/fr\/wp-json\/wp\/v2\/pages\/1678"}],"collection":[{"href":"https:\/\/www.saphy-pmer.com\/fr\/wp-json\/wp\/v2\/pages"}],"about":[{"href":"https:\/\/www.saphy-pmer.com\/fr\/wp-json\/wp\/v2\/types\/page"}],"author":[{"embeddable":true,"href":"https:\/\/www.saphy-pmer.com\/fr\/wp-json\/wp\/v2\/users\/1"}],"replies":[{"embeddable":true,"href":"https:\/\/www.saphy-pmer.com\/fr\/wp-json\/wp\/v2\/comments?post=1678"}],"version-history":[{"count":5,"href":"https:\/\/www.saphy-pmer.com\/fr\/wp-json\/wp\/v2\/pages\/1678\/revisions"}],"predecessor-version":[{"id":1700,"href":"https:\/\/www.saphy-pmer.com\/fr\/wp-json\/wp\/v2\/pages\/1678\/revisions\/1700"}],"wp:attachment":[{"href":"https:\/\/www.saphy-pmer.com\/fr\/wp-json\/wp\/v2\/media?parent=1678"}],"curies":[{"name":"wp","href":"https:\/\/api.w.org\/{rel}","templated":true}]}}