{"id":1748,"date":"2022-06-01T14:28:07","date_gmt":"2022-06-01T12:28:07","guid":{"rendered":"https:\/\/www.saphy-pmer.com\/?page_id=1748"},"modified":"2022-06-01T15:01:48","modified_gmt":"2022-06-01T13:01:48","slug":"service-apres-vente","status":"publish","type":"page","link":"https:\/\/www.saphy-pmer.com\/fr\/nos-services\/service-apres-vente\/","title":{"rendered":"Service apr\u00e8s-vente"},"content":{"rendered":"<p>[et_pb_section fb_built=\u00a0\u00bb1&Prime; custom_padding_last_edited=\u00a0\u00bbon|phone\u00a0\u00bb _builder_version=\u00a0\u00bb4.6.3&Prime; _module_preset=\u00a0\u00bbdefault\u00a0\u00bb background_enable_color=\u00a0\u00bboff\u00a0\u00bb use_background_color_gradient=\u00a0\u00bbon\u00a0\u00bb background_color_gradient_start=\u00a0\u00bb#ffd500&Prime; background_color_gradient_end=\u00a0\u00bb#ffffff\u00a0\u00bb background_color_gradient_direction=\u00a0\u00bb140deg\u00a0\u00bb background_color_gradient_start_position=\u00a0\u00bb98%\u00a0\u00bb background_color_gradient_end_position=\u00a0\u00bb0%\u00a0\u00bb custom_margin=\u00a0\u00bb|20px|||false|false\u00a0\u00bb custom_padding=\u00a0\u00bb||||false|false\u00a0\u00bb custom_padding_tablet=\u00a0\u00bb\u00a0\u00bb custom_padding_phone=\u00a0\u00bb0px||0px||false|false\u00a0\u00bb animation_style=\u00a0\u00bbfade\u00a0\u00bb animation_direction=\u00a0\u00bbleft\u00a0\u00bb animation_duration=\u00a0\u00bb1500ms\u00a0\u00bb][et_pb_row _builder_version=\u00a0\u00bb4.6.3&Prime; _module_preset=\u00a0\u00bbdefault\u00a0\u00bb][et_pb_column type=\u00a0\u00bb4_4&Prime; _builder_version=\u00a0\u00bb4.6.3&Prime; _module_preset=\u00a0\u00bbdefault\u00a0\u00bb][et_pb_text _builder_version=\u00a0\u00bb4.6.3&Prime; _module_preset=\u00a0\u00bbdefault\u00a0\u00bb text_font=\u00a0\u00bb|||on|||||\u00a0\u00bb text_text_color=\u00a0\u00bb#ffffff\u00a0\u00bb text_font_size=\u00a0\u00bb60px\u00a0\u00bb text_line_height=\u00a0\u00bb60px\u00a0\u00bb text_font_tablet=\u00a0\u00bb\u00a0\u00bb text_font_phone=\u00a0\u00bb|600||on|||||\u00a0\u00bb text_font_last_edited=\u00a0\u00bbon|phone\u00a0\u00bb text_font_size_tablet=\u00a0\u00bb\u00a0\u00bb text_font_size_phone=\u00a0\u00bb20px\u00a0\u00bb text_font_size_last_edited=\u00a0\u00bbon|phone\u00a0\u00bb text_line_height_tablet=\u00a0\u00bb\u00a0\u00bb text_line_height_phone=\u00a0\u00bb20px\u00a0\u00bb text_line_height_last_edited=\u00a0\u00bbon|phone\u00a0\u00bb]<\/p>\n<p>Service apr\u00e8s-vente<\/p>\n<p>[\/et_pb_text][\/et_pb_column][\/et_pb_row][\/et_pb_section][et_pb_section fb_built=\u00a0\u00bb1&Prime; custom_padding_last_edited=\u00a0\u00bbon|phone\u00a0\u00bb _builder_version=\u00a0\u00bb4.6.3&Prime; _module_preset=\u00a0\u00bbdefault\u00a0\u00bb background_enable_image=\u00a0\u00bboff\u00a0\u00bb background_position=\u00a0\u00bbbottom_right\u00a0\u00bb custom_padding=\u00a0\u00bb120px||140px||false|\u00a0\u00bb custom_padding_tablet=\u00a0\u00bb\u00a0\u00bb custom_padding_phone=\u00a0\u00bb60px||100px||false|false\u00a0\u00bb animation_style=\u00a0\u00bbfade\u00a0\u00bb animation_duration=\u00a0\u00bb1500ms\u00a0\u00bb][et_pb_row _builder_version=\u00a0\u00bb4.6.3&Prime; _module_preset=\u00a0\u00bbdefault\u00a0\u00bb][et_pb_column type=\u00a0\u00bb4_4&Prime; _builder_version=\u00a0\u00bb4.6.3&Prime; _module_preset=\u00a0\u00bbdefault\u00a0\u00bb][et_pb_text module_class=\u00a0\u00bbyellow-line\u00a0\u00bb _builder_version=\u00a0\u00bb4.6.3&Prime; _module_preset=\u00a0\u00bbdefault\u00a0\u00bb]<\/p>\n<h6>Rapidit\u00e9 et flexibilit\u00e9<\/h6>\n<h1>ASSISTANCE, SUIVI ET DISPONIBILIT\u00c9 POUR ASSURER UN SERVICE APR\u00c8S-VENTE<\/h1>\n<p>Nous fournissons des \u00e9quipements d\u2019usinage industriel et accompagnons nos clients dans la conception et la r\u00e9alisation de machines-outils. Au del\u00e0 de la qualit\u00e9 des produits vendus, nous mettons un point d\u2019honneur \u00e0 la qualit\u00e9 de nos services et notamment du service apr\u00e8s-vente avec un suivi pr\u00e9cis et une disponibilit\u00e9 adapt\u00e9e au besoins de chaque structure.<\/p>\n<p>[\/et_pb_text][\/et_pb_column][\/et_pb_row][et_pb_row column_structure=\u00a0\u00bb1_2,1_2&Prime; use_custom_gutter=\u00a0\u00bbon\u00a0\u00bb make_equal=\u00a0\u00bbon\u00a0\u00bb _builder_version=\u00a0\u00bb4.6.3&Prime; _module_preset=\u00a0\u00bbdefault\u00a0\u00bb custom_padding=\u00a0\u00bb||0px|||\u00a0\u00bb][et_pb_column type=\u00a0\u00bb1_2&Prime; _builder_version=\u00a0\u00bb4.6.3&Prime; _module_preset=\u00a0\u00bbdefault\u00a0\u00bb background_color=\u00a0\u00bbrgba(0,0,0,0)\u00a0\u00bb][et_pb_blurb title=\u00a0\u00bbLivraison\u00a0\u00bb image=\u00a0\u00bbhttps:\/\/www.saphy-pmer.com\/wp-content\/uploads\/2022\/06\/Groupe-1622-1.svg\u00a0\u00bb alt=\u00a0\u00bbicon-ecoute\u00a0\u00bb icon_placement=\u00a0\u00bbleft\u00a0\u00bb _builder_version=\u00a0\u00bb4.9.10&Prime; _module_preset=\u00a0\u00bbdefault\u00a0\u00bb header_level=\u00a0\u00bbh3&Prime; header_font=\u00a0\u00bb|600|||||||\u00a0\u00bb header_text_color=\u00a0\u00bb#000000&Prime; header_font_size=\u00a0\u00bb20px\u00a0\u00bb custom_padding=\u00a0\u00bb30px||30px||false|false\u00a0\u00bb hover_enabled=\u00a0\u00bb0&Prime; image_max_width=\u00a0\u00bb32px\u00a0\u00bb sticky_enabled=\u00a0\u00bb0&Prime;]<\/p>\n<p>Nos stocks et circuits courts d\u2019approvisionnement nous permettent d\u2019assurer une livraison rapide.<\/p>\n<p>[\/et_pb_blurb][\/et_pb_column][et_pb_column type=\u00a0\u00bb1_2&Prime; _builder_version=\u00a0\u00bb4.6.3&Prime; _module_preset=\u00a0\u00bbdefault\u00a0\u00bb background_color=\u00a0\u00bbrgba(0,0,0,0)\u00a0\u00bb][et_pb_blurb title=\u00a0\u00bbInstallation\u00a0\u00bb image=\u00a0\u00bbhttps:\/\/www.saphy-pmer.com\/wp-content\/uploads\/2022\/06\/Groupe-1623-1.svg\u00a0\u00bb alt=\u00a0\u00bbicon-solution\u00a0\u00bb icon_placement=\u00a0\u00bbleft\u00a0\u00bb _builder_version=\u00a0\u00bb4.9.10&Prime; _module_preset=\u00a0\u00bbdefault\u00a0\u00bb header_level=\u00a0\u00bbh3&Prime; header_font=\u00a0\u00bb|600|||||||\u00a0\u00bb header_text_color=\u00a0\u00bb#000000&Prime; header_font_size=\u00a0\u00bb20px\u00a0\u00bb custom_padding=\u00a0\u00bb30px||30px||false|false\u00a0\u00bb hover_enabled=\u00a0\u00bb0&Prime; image_max_width=\u00a0\u00bb27px\u00a0\u00bb sticky_enabled=\u00a0\u00bb0&Prime;]<\/p>\n<p>Nous proposons l\u2019installation des machines-outils livr\u00e9es au moyen de mat\u00e9riel sp\u00e9cifique gr\u00e2ce \u00e0 nos partenaires sp\u00e9cialis\u00e9s.<\/p>\n<p>[\/et_pb_blurb][\/et_pb_column][\/et_pb_row][et_pb_row column_structure=\u00a0\u00bb1_2,1_2&Prime; use_custom_gutter=\u00a0\u00bbon\u00a0\u00bb make_equal=\u00a0\u00bbon\u00a0\u00bb _builder_version=\u00a0\u00bb4.6.3&Prime; _module_preset=\u00a0\u00bbdefault\u00a0\u00bb custom_padding=\u00a0\u00bb0px||0px|||\u00a0\u00bb][et_pb_column type=\u00a0\u00bb1_2&Prime; _builder_version=\u00a0\u00bb4.6.3&Prime; _module_preset=\u00a0\u00bbdefault\u00a0\u00bb background_color=\u00a0\u00bbrgba(0,0,0,0)\u00a0\u00bb][et_pb_blurb title=\u00a0\u00bbAssistance t\u00e9l\u00e9phonique\u00a0\u00bb image=\u00a0\u00bbhttps:\/\/www.saphy-pmer.com\/wp-content\/uploads\/2022\/06\/Groupe-1379-1.svg\u00a0\u00bb alt=\u00a0\u00bbicon-recherche\u00a0\u00bb icon_placement=\u00a0\u00bbleft\u00a0\u00bb _builder_version=\u00a0\u00bb4.9.10&Prime; _module_preset=\u00a0\u00bbdefault\u00a0\u00bb header_level=\u00a0\u00bbh3&Prime; header_font=\u00a0\u00bb|600|||||||\u00a0\u00bb header_text_color=\u00a0\u00bb#000000&Prime; header_font_size=\u00a0\u00bb20px\u00a0\u00bb custom_padding=\u00a0\u00bb30px||30px||false|false\u00a0\u00bb hover_enabled=\u00a0\u00bb0&Prime; image_max_width=\u00a0\u00bb32px\u00a0\u00bb sticky_enabled=\u00a0\u00bb0&Prime;]<\/p>\n<p>Nous sommes joignables \u00e0 tout moment de 8:00 \u00e0 17:30 du lundi au jeudi et 8:00 \u00e0 12:30 le vendredi.<\/p>\n<p>[\/et_pb_blurb][\/et_pb_column][et_pb_column type=\u00a0\u00bb1_2&Prime; _builder_version=\u00a0\u00bb4.6.3&Prime; _module_preset=\u00a0\u00bbdefault\u00a0\u00bb background_color=\u00a0\u00bbrgba(0,0,0,0)\u00a0\u00bb][et_pb_blurb title=\u00a0\u00bbR\u00e9paration \/ \u00c9change\u00a0\u00bb image=\u00a0\u00bbhttps:\/\/www.saphy-pmer.com\/wp-content\/uploads\/2022\/06\/Groupe-1625-1.svg\u00a0\u00bb alt=\u00a0\u00bbicon-satisfaction\u00a0\u00bb icon_placement=\u00a0\u00bbleft\u00a0\u00bb _builder_version=\u00a0\u00bb4.9.10&Prime; _module_preset=\u00a0\u00bbdefault\u00a0\u00bb header_level=\u00a0\u00bbh3&Prime; header_font=\u00a0\u00bb|600|||||||\u00a0\u00bb header_text_color=\u00a0\u00bb#000000&Prime; header_font_size=\u00a0\u00bb20px\u00a0\u00bb custom_padding=\u00a0\u00bb30px||30px||false|false\u00a0\u00bb hover_enabled=\u00a0\u00bb0&Prime; image_max_width=\u00a0\u00bb32px\u00a0\u00bb sticky_enabled=\u00a0\u00bb0&Prime;]<\/p>\n<p>Nous proc\u00e9dons \u00e0 des interventions curatives d\u00e8s lors que vous rencontrez un probl\u00e8me, nous r\u00e9parons ou \u00e9changeons les pi\u00e8ces n\u00e9cessaires.<\/p>\n<p>[\/et_pb_blurb][\/et_pb_column][\/et_pb_row][et_pb_row column_structure=\u00a0\u00bb1_2,1_2&Prime; use_custom_gutter=\u00a0\u00bbon\u00a0\u00bb make_equal=\u00a0\u00bbon\u00a0\u00bb _builder_version=\u00a0\u00bb4.6.3&Prime; _module_preset=\u00a0\u00bbdefault\u00a0\u00bb custom_padding=\u00a0\u00bb0px||0px|||\u00a0\u00bb][et_pb_column type=\u00a0\u00bb1_2&Prime; _builder_version=\u00a0\u00bb4.6.3&Prime; _module_preset=\u00a0\u00bbdefault\u00a0\u00bb background_color=\u00a0\u00bbrgba(0,0,0,0)\u00a0\u00bb][et_pb_blurb title=\u00a0\u00bbMaintenance pr\u00e9ventive\u00a0\u00bb image=\u00a0\u00bbhttps:\/\/www.saphy-pmer.com\/wp-content\/uploads\/2022\/06\/Groupe-1624-1.svg\u00a0\u00bb alt=\u00a0\u00bbicon-recherche\u00a0\u00bb icon_placement=\u00a0\u00bbleft\u00a0\u00bb _builder_version=\u00a0\u00bb4.9.10&Prime; _module_preset=\u00a0\u00bbdefault\u00a0\u00bb header_level=\u00a0\u00bbh3&Prime; header_font=\u00a0\u00bb|600|||||||\u00a0\u00bb header_text_color=\u00a0\u00bb#000000&Prime; header_font_size=\u00a0\u00bb20px\u00a0\u00bb custom_padding=\u00a0\u00bb30px||30px||false|false\u00a0\u00bb hover_enabled=\u00a0\u00bb0&Prime; image_max_width=\u00a0\u00bb32px\u00a0\u00bb sticky_enabled=\u00a0\u00bb0&Prime;]<\/p>\n<p>Nous assurons un suivi de votre mat\u00e9riel en proc\u00e9dant \u00e0 l\u2019entretien des machines sur vos p\u00e9riodes de cong\u00e9s ou fermeture.<\/p>\n<p>[\/et_pb_blurb][\/et_pb_column][et_pb_column type=\u00a0\u00bb1_2&Prime; _builder_version=\u00a0\u00bb4.6.3&Prime; _module_preset=\u00a0\u00bbdefault\u00a0\u00bb background_color=\u00a0\u00bbrgba(0,0,0,0)\u00a0\u00bb][\/et_pb_column][\/et_pb_row][\/et_pb_section]<\/p>\n","protected":false},"excerpt":{"rendered":"<p>Service apr\u00e8s-venteRapidit\u00e9 et flexibilit\u00e9 ASSISTANCE, SUIVI ET DISPONIBILIT\u00c9 POUR ASSURER UN SERVICE APR\u00c8S-VENTE Nous fournissons des \u00e9quipements d\u2019usinage industriel et accompagnons nos clients dans la conception et la r\u00e9alisation de machines-outils. Au del\u00e0 de la qualit\u00e9 des produits vendus, nous mettons un point d\u2019honneur \u00e0 la qualit\u00e9 de nos services et notamment du service apr\u00e8s-vente [&hellip;]<\/p>\n","protected":false},"author":1,"featured_media":0,"parent":232,"menu_order":0,"comment_status":"closed","ping_status":"closed","template":"","meta":{"_et_pb_use_builder":"on","_et_pb_old_content":"","_et_gb_content_width":"","inline_featured_image":false,"footnotes":""},"yoast_head":"<!-- This site is optimized with the Yoast SEO plugin v23.3 - https:\/\/yoast.com\/wordpress\/plugins\/seo\/ -->\n<title>Service apr\u00e8s-vente - SAPHY-PMER<\/title>\n<meta name=\"robots\" content=\"index, follow, max-snippet:-1, max-image-preview:large, max-video-preview:-1\" \/>\n<link rel=\"canonical\" href=\"https:\/\/www.saphy-pmer.com\/fr\/nos-services\/service-apres-vente\/\" \/>\n<meta property=\"og:locale\" content=\"fr_FR\" \/>\n<meta property=\"og:type\" content=\"article\" \/>\n<meta property=\"og:title\" content=\"Service apr\u00e8s-vente - SAPHY-PMER\" \/>\n<meta property=\"og:description\" content=\"Service apr\u00e8s-venteRapidit\u00e9 et flexibilit\u00e9 ASSISTANCE, SUIVI ET DISPONIBILIT\u00c9 POUR ASSURER UN SERVICE APR\u00c8S-VENTE Nous fournissons des \u00e9quipements d\u2019usinage industriel et accompagnons nos clients dans la conception et la r\u00e9alisation de machines-outils. Au del\u00e0 de la qualit\u00e9 des produits vendus, nous mettons un point d\u2019honneur \u00e0 la qualit\u00e9 de nos services et notamment du service apr\u00e8s-vente [&hellip;]\" \/>\n<meta property=\"og:url\" content=\"https:\/\/www.saphy-pmer.com\/fr\/nos-services\/service-apres-vente\/\" \/>\n<meta property=\"og:site_name\" content=\"SAPHY-PMER\" \/>\n<meta property=\"article:modified_time\" content=\"2022-06-01T13:01:48+00:00\" \/>\n<meta name=\"twitter:card\" content=\"summary_large_image\" \/>\n<meta name=\"twitter:label1\" content=\"Dur\u00e9e de lecture estim\u00e9e\" \/>\n\t<meta name=\"twitter:data1\" content=\"4 minutes\" \/>\n<script type=\"application\/ld+json\" class=\"yoast-schema-graph\">{\"@context\":\"https:\/\/schema.org\",\"@graph\":[{\"@type\":\"WebPage\",\"@id\":\"https:\/\/www.saphy-pmer.com\/fr\/nos-services\/service-apres-vente\/\",\"url\":\"https:\/\/www.saphy-pmer.com\/fr\/nos-services\/service-apres-vente\/\",\"name\":\"Service apr\u00e8s-vente - SAPHY-PMER\",\"isPartOf\":{\"@id\":\"https:\/\/www.saphy-pmer.com\/fr\/#website\"},\"datePublished\":\"2022-06-01T12:28:07+00:00\",\"dateModified\":\"2022-06-01T13:01:48+00:00\",\"breadcrumb\":{\"@id\":\"https:\/\/www.saphy-pmer.com\/fr\/nos-services\/service-apres-vente\/#breadcrumb\"},\"inLanguage\":\"fr-FR\",\"potentialAction\":[{\"@type\":\"ReadAction\",\"target\":[\"https:\/\/www.saphy-pmer.com\/fr\/nos-services\/service-apres-vente\/\"]}]},{\"@type\":\"BreadcrumbList\",\"@id\":\"https:\/\/www.saphy-pmer.com\/fr\/nos-services\/service-apres-vente\/#breadcrumb\",\"itemListElement\":[{\"@type\":\"ListItem\",\"position\":1,\"name\":\"Accueil\",\"item\":\"https:\/\/www.saphy-pmer.com\/fr\/\"},{\"@type\":\"ListItem\",\"position\":2,\"name\":\"NOS SERVICES\",\"item\":\"https:\/\/www.saphy-pmer.com\/fr\/nos-services\/\"},{\"@type\":\"ListItem\",\"position\":3,\"name\":\"Service apr\u00e8s-vente\"}]},{\"@type\":\"WebSite\",\"@id\":\"https:\/\/www.saphy-pmer.com\/fr\/#website\",\"url\":\"https:\/\/www.saphy-pmer.com\/fr\/\",\"name\":\"SAPHY-PMER\",\"description\":\"\",\"potentialAction\":[{\"@type\":\"SearchAction\",\"target\":{\"@type\":\"EntryPoint\",\"urlTemplate\":\"https:\/\/www.saphy-pmer.com\/fr\/?s={search_term_string}\"},\"query-input\":\"required name=search_term_string\"}],\"inLanguage\":\"fr-FR\"}]}<\/script>\n<!-- \/ Yoast SEO plugin. -->","yoast_head_json":{"title":"Service apr\u00e8s-vente - SAPHY-PMER","robots":{"index":"index","follow":"follow","max-snippet":"max-snippet:-1","max-image-preview":"max-image-preview:large","max-video-preview":"max-video-preview:-1"},"canonical":"https:\/\/www.saphy-pmer.com\/fr\/nos-services\/service-apres-vente\/","og_locale":"fr_FR","og_type":"article","og_title":"Service apr\u00e8s-vente - SAPHY-PMER","og_description":"Service apr\u00e8s-venteRapidit\u00e9 et flexibilit\u00e9 ASSISTANCE, SUIVI ET DISPONIBILIT\u00c9 POUR ASSURER UN SERVICE APR\u00c8S-VENTE Nous fournissons des \u00e9quipements d\u2019usinage industriel et accompagnons nos clients dans la conception et la r\u00e9alisation de machines-outils. Au del\u00e0 de la qualit\u00e9 des produits vendus, nous mettons un point d\u2019honneur \u00e0 la qualit\u00e9 de nos services et notamment du service apr\u00e8s-vente [&hellip;]","og_url":"https:\/\/www.saphy-pmer.com\/fr\/nos-services\/service-apres-vente\/","og_site_name":"SAPHY-PMER","article_modified_time":"2022-06-01T13:01:48+00:00","twitter_card":"summary_large_image","twitter_misc":{"Dur\u00e9e de lecture estim\u00e9e":"4 minutes"},"schema":{"@context":"https:\/\/schema.org","@graph":[{"@type":"WebPage","@id":"https:\/\/www.saphy-pmer.com\/fr\/nos-services\/service-apres-vente\/","url":"https:\/\/www.saphy-pmer.com\/fr\/nos-services\/service-apres-vente\/","name":"Service apr\u00e8s-vente - SAPHY-PMER","isPartOf":{"@id":"https:\/\/www.saphy-pmer.com\/fr\/#website"},"datePublished":"2022-06-01T12:28:07+00:00","dateModified":"2022-06-01T13:01:48+00:00","breadcrumb":{"@id":"https:\/\/www.saphy-pmer.com\/fr\/nos-services\/service-apres-vente\/#breadcrumb"},"inLanguage":"fr-FR","potentialAction":[{"@type":"ReadAction","target":["https:\/\/www.saphy-pmer.com\/fr\/nos-services\/service-apres-vente\/"]}]},{"@type":"BreadcrumbList","@id":"https:\/\/www.saphy-pmer.com\/fr\/nos-services\/service-apres-vente\/#breadcrumb","itemListElement":[{"@type":"ListItem","position":1,"name":"Accueil","item":"https:\/\/www.saphy-pmer.com\/fr\/"},{"@type":"ListItem","position":2,"name":"NOS SERVICES","item":"https:\/\/www.saphy-pmer.com\/fr\/nos-services\/"},{"@type":"ListItem","position":3,"name":"Service apr\u00e8s-vente"}]},{"@type":"WebSite","@id":"https:\/\/www.saphy-pmer.com\/fr\/#website","url":"https:\/\/www.saphy-pmer.com\/fr\/","name":"SAPHY-PMER","description":"","potentialAction":[{"@type":"SearchAction","target":{"@type":"EntryPoint","urlTemplate":"https:\/\/www.saphy-pmer.com\/fr\/?s={search_term_string}"},"query-input":"required name=search_term_string"}],"inLanguage":"fr-FR"}]}},"_links":{"self":[{"href":"https:\/\/www.saphy-pmer.com\/fr\/wp-json\/wp\/v2\/pages\/1748"}],"collection":[{"href":"https:\/\/www.saphy-pmer.com\/fr\/wp-json\/wp\/v2\/pages"}],"about":[{"href":"https:\/\/www.saphy-pmer.com\/fr\/wp-json\/wp\/v2\/types\/page"}],"author":[{"embeddable":true,"href":"https:\/\/www.saphy-pmer.com\/fr\/wp-json\/wp\/v2\/users\/1"}],"replies":[{"embeddable":true,"href":"https:\/\/www.saphy-pmer.com\/fr\/wp-json\/wp\/v2\/comments?post=1748"}],"version-history":[{"count":6,"href":"https:\/\/www.saphy-pmer.com\/fr\/wp-json\/wp\/v2\/pages\/1748\/revisions"}],"predecessor-version":[{"id":1793,"href":"https:\/\/www.saphy-pmer.com\/fr\/wp-json\/wp\/v2\/pages\/1748\/revisions\/1793"}],"up":[{"embeddable":true,"href":"https:\/\/www.saphy-pmer.com\/fr\/wp-json\/wp\/v2\/pages\/232"}],"wp:attachment":[{"href":"https:\/\/www.saphy-pmer.com\/fr\/wp-json\/wp\/v2\/media?parent=1748"}],"curies":[{"name":"wp","href":"https:\/\/api.w.org\/{rel}","templated":true}]}}